{"id":1038,"date":"2024-02-10T13:43:18","date_gmt":"2024-02-10T13:43:18","guid":{"rendered":"https:\/\/startersites.io\/elementor\/smile-dent\/?page_id=1038"},"modified":"2026-04-13T22:01:43","modified_gmt":"2026-04-13T22:01:43","slug":"nosotros","status":"publish","type":"page","link":"https:\/\/oredooch.com\/?page_id=1038","title":{"rendered":"Nuestra-Empresa"},"content":{"rendered":"\t\t<div data-elementor-type=\"wp-page\" data-elementor-id=\"1038\" class=\"elementor elementor-1038\">\n\t\t\t\t<div class=\"elementor-element elementor-element-7f1e461 e-flex e-con-boxed wpr-particle-no wpr-jarallax-no wpr-parallax-no wpr-sticky-section-no e-con e-parent\" data-id=\"7f1e461\" data-element_type=\"container\">\n\t\t\t\t\t<div class=\"e-con-inner\">\n\t\t<div class=\"elementor-element elementor-element-7552119 e-con-full e-flex wpr-particle-no wpr-jarallax-no wpr-parallax-no wpr-sticky-section-no e-con e-child\" data-id=\"7552119\" data-element_type=\"container\">\n\t\t<div class=\"elementor-element elementor-element-67694d8 e-con-full e-flex wpr-particle-no wpr-jarallax-no wpr-parallax-no wpr-sticky-section-no e-con e-child\" data-id=\"67694d8\" data-element_type=\"container\" data-settings=\"{&quot;background_background&quot;:&quot;classic&quot;}\">\n\t\t<div class=\"elementor-element elementor-element-d0038a2 e-con-full e-flex wpr-particle-no wpr-jarallax-no wpr-parallax-no wpr-sticky-section-no e-con e-child\" data-id=\"d0038a2\" data-element_type=\"container\">\n\t\t\t\t<div class=\"elementor-element elementor-element-e745010 elementor-widget elementor-widget-heading\" data-id=\"e745010\" data-element_type=\"widget\" data-widget_type=\"heading.default\">\n\t\t\t\t<div class=\"elementor-widget-container\">\n\t\t\t\t\t<h2 class=\"elementor-heading-title elementor-size-default\">\u00bfQui\u00e9nes somos? <\/h2>\t\t\t\t<\/div>\n\t\t\t\t<\/div>\n\t\t\t\t<div class=\"elementor-element elementor-element-000b9f4 elementor-widget elementor-widget-text-editor\" data-id=\"000b9f4\" data-element_type=\"widget\" data-widget_type=\"text-editor.default\">\n\t\t\t\t<div class=\"elementor-widget-container\">\n\t\t\t\t\t\t\t\t\t<p>Somos una empresa dedicada a brindar asesor\u00eda y formaci\u00f3n en educaci\u00f3n financiera, orientada a estudiantes y personas que desean mejorar su conocimiento sobre el manejo del dinero y la toma de decisiones econ\u00f3micas. Nuestro objetivo es ayudarte a comprender de manera clara y pr\u00e1ctica conceptos financieros que te permitan organizar tus recursos, planificar tus metas y desarrollar h\u00e1bitos financieros responsables.<\/p>\t\t\t\t\t\t\t\t<\/div>\n\t\t\t\t<\/div>\n\t\t\t\t<div class=\"elementor-element elementor-element-5e08c83 elementor-align-left elementor-widget elementor-widget-button\" data-id=\"5e08c83\" data-element_type=\"widget\" data-widget_type=\"button.default\">\n\t\t\t\t<div class=\"elementor-widget-container\">\n\t\t\t\t\t\t\t\t\t<div class=\"elementor-button-wrapper\">\n\t\t\t\t\t<a class=\"elementor-button elementor-button-link elementor-size-sm elementor-animation-bounce-in\" href=\"https:\/\/wa.link\/0d57va\">\n\t\t\t\t\t\t<span class=\"elementor-button-content-wrapper\">\n\t\t\t\t\t\t<span class=\"elementor-button-icon\">\n\t\t\t\t<i aria-hidden=\"true\" class=\"tivo ti-arrow-circle-right\"><\/i>\t\t\t<\/span>\n\t\t\t\t\t\t\t\t\t<span class=\"elementor-button-text\">Cotiza ahora<\/span>\n\t\t\t\t\t<\/span>\n\t\t\t\t\t<\/a>\n\t\t\t\t<\/div>\n\t\t\t\t\t\t\t\t<\/div>\n\t\t\t\t<\/div>\n\t\t\t\t<\/div>\n\t\t\t\t<\/div>\n\t\t<div class=\"elementor-element elementor-element-8975403 e-con-full e-flex wpr-particle-no wpr-jarallax-no wpr-parallax-no wpr-sticky-section-no e-con e-child\" data-id=\"8975403\" data-element_type=\"container\">\n\t\t\t\t<div class=\"elementor-element elementor-element-a848e30 elementor-widget elementor-widget-image\" data-id=\"a848e30\" data-element_type=\"widget\" data-widget_type=\"image.default\">\n\t\t\t\t<div class=\"elementor-widget-container\">\n\t\t\t\t\t\t\t\t\t\t\t\t\t\t\t<img fetchpriority=\"high\" decoding=\"async\" width=\"860\" height=\"491\" src=\"https:\/\/oredooch.com\/wp-content\/uploads\/2026\/04\/WhatsApp-Image-2026-04-07-at-20.08.38.jpeg\" class=\"attachment-large size-large wp-image-2182\" alt=\"\" \/>\t\t\t\t\t\t\t\t\t\t\t\t\t\t\t<\/div>\n\t\t\t\t<\/div>\n\t\t\t\t<\/div>\n\t\t\t\t<\/div>\n\t\t\t\t\t<\/div>\n\t\t\t\t<\/div>\n\t\t<div class=\"elementor-element elementor-element-5db5617 e-flex e-con-boxed wpr-particle-no wpr-jarallax-no wpr-parallax-no wpr-sticky-section-no e-con e-parent\" data-id=\"5db5617\" data-element_type=\"container\">\n\t\t\t\t\t<div class=\"e-con-inner\">\n\t\t<div class=\"elementor-element elementor-element-c1009d3 e-flex e-con-boxed wpr-particle-no wpr-jarallax-no wpr-parallax-no wpr-sticky-section-no e-con e-child\" data-id=\"c1009d3\" data-element_type=\"container\" data-settings=\"{&quot;background_background&quot;:&quot;classic&quot;}\">\n\t\t\t\t\t<div class=\"e-con-inner\">\n\t\t<div class=\"elementor-element elementor-element-823523f e-flex e-con-boxed wpr-particle-no wpr-jarallax-no wpr-parallax-no wpr-sticky-section-no e-con e-child\" data-id=\"823523f\" data-element_type=\"container\">\n\t\t\t\t\t<div class=\"e-con-inner\">\n\t\t<div class=\"elementor-element elementor-element-d744995 e-flex e-con-boxed wpr-particle-no wpr-jarallax-no wpr-parallax-no wpr-sticky-section-no e-con e-child\" data-id=\"d744995\" data-element_type=\"container\">\n\t\t\t\t\t<div class=\"e-con-inner\">\n\t\t\t\t<div class=\"elementor-element elementor-element-3e68806 elementor-button-info elementor-align-center elementor-widget elementor-widget-button\" data-id=\"3e68806\" data-element_type=\"widget\" data-widget_type=\"button.default\">\n\t\t\t\t<div class=\"elementor-widget-container\">\n\t\t\t\t\t\t\t\t\t<div class=\"elementor-button-wrapper\">\n\t\t\t\t\t<a class=\"elementor-button elementor-button-link elementor-size-sm\" href=\"#\">\n\t\t\t\t\t\t<span class=\"elementor-button-content-wrapper\">\n\t\t\t\t\t\t<span class=\"elementor-button-icon\">\n\t\t\t\t<i aria-hidden=\"true\" class=\"tivo ti-cup\"><\/i>\t\t\t<\/span>\n\t\t\t\t\t\t\t\t\t<span class=\"elementor-button-text\">Nuestra Misi\u00f3n<\/span>\n\t\t\t\t\t<\/span>\n\t\t\t\t\t<\/a>\n\t\t\t\t<\/div>\n\t\t\t\t\t\t\t\t<\/div>\n\t\t\t\t<\/div>\n\t\t\t\t<div class=\"elementor-element elementor-element-703eea2 elementor-widget elementor-widget-text-editor\" data-id=\"703eea2\" data-element_type=\"widget\" data-widget_type=\"text-editor.default\">\n\t\t\t\t<div class=\"elementor-widget-container\">\n\t\t\t\t\t\t\t\t\t<div class=\"elementor-element elementor-element-42d1a5b elementor-widget elementor-widget-text-editor\" data-id=\"42d1a5b\" data-element_type=\"widget\" data-widget_type=\"text-editor.default\"><div class=\"elementor-widget-container\"><p data-start=\"20\" data-end=\"324\">La educaci\u00f3n financiera busca empoderar a las personas para que tomen decisiones informadas sobre su dinero. A trav\u00e9s del conocimiento y la pr\u00e1ctica, se fomenta el ahorro responsable, la inversi\u00f3n inteligente y el uso consciente del cr\u00e9dito, permitiendo construir estabilidad econ\u00f3mica y un mejor futuro.<\/p><\/div><\/div><div class=\"elementor-element elementor-element-fb080c9 elementor-icon-list--layout-traditional elementor-list-item-link-full_width elementor-widget elementor-widget-icon-list\" data-id=\"fb080c9\" data-element_type=\"widget\" data-widget_type=\"icon-list.default\"><div class=\"elementor-widget-container\"><ul class=\"elementor-icon-list-items\"><li class=\"elementor-icon-list-item\"><i class=\"fas fa-check\" aria-hidden=\"true\"><\/i><span class=\"elementor-icon-list-text\">Educaci\u00f3n accesible<\/span><\/li><li class=\"elementor-icon-list-item\"><i class=\"fas fa-check\" aria-hidden=\"true\"><\/i><span class=\"elementor-icon-list-text\">Planificaci\u00f3n financiera<\/span><\/li><li class=\"elementor-icon-list-item\"><i class=\"fas fa-check\" aria-hidden=\"true\"><\/i><span class=\"elementor-icon-list-text\">Decisiones informadas<\/span><\/li><\/ul><\/div><\/div>\t\t\t\t\t\t\t\t<\/div>\n\t\t\t\t<\/div>\n\t\t\t\t\t<\/div>\n\t\t\t\t<\/div>\n\t\t<div class=\"elementor-element elementor-element-da22e72 e-flex e-con-boxed wpr-particle-no wpr-jarallax-no wpr-parallax-no wpr-sticky-section-no e-con e-child\" data-id=\"da22e72\" data-element_type=\"container\">\n\t\t\t\t\t<div class=\"e-con-inner\">\n\t\t\t\t<div class=\"elementor-element elementor-element-7fbb813 elementor-button-info elementor-align-center elementor-widget elementor-widget-button\" data-id=\"7fbb813\" data-element_type=\"widget\" data-widget_type=\"button.default\">\n\t\t\t\t<div class=\"elementor-widget-container\">\n\t\t\t\t\t\t\t\t\t<div class=\"elementor-button-wrapper\">\n\t\t\t\t\t<a class=\"elementor-button elementor-button-link elementor-size-sm\" href=\"#\">\n\t\t\t\t\t\t<span class=\"elementor-button-content-wrapper\">\n\t\t\t\t\t\t<span class=\"elementor-button-icon\">\n\t\t\t\t<i aria-hidden=\"true\" class=\"fas fa-eye\"><\/i>\t\t\t<\/span>\n\t\t\t\t\t\t\t\t\t<span class=\"elementor-button-text\">Nuestra Visi\u00f3n <\/span>\n\t\t\t\t\t<\/span>\n\t\t\t\t\t<\/a>\n\t\t\t\t<\/div>\n\t\t\t\t\t\t\t\t<\/div>\n\t\t\t\t<\/div>\n\t\t\t\t<div class=\"elementor-element elementor-element-d52e1d9 elementor-widget elementor-widget-text-editor\" data-id=\"d52e1d9\" data-element_type=\"widget\" data-widget_type=\"text-editor.default\">\n\t\t\t\t<div class=\"elementor-widget-container\">\n\t\t\t\t\t\t\t\t\t<p>Ser la plataforma de educaci\u00f3n financiera l\u00edder en el pa\u00eds, ayudando a miles de personas a transformar su relaci\u00f3n con el dinero, alcanzar estabilidad econ\u00f3mica y construir un futuro con libertad financiera a trav\u00e9s del conocimiento pr\u00e1ctico y accesible.<\/p>\t\t\t\t\t\t\t\t<\/div>\n\t\t\t\t<\/div>\n\t\t\t\t\t<\/div>\n\t\t\t\t<\/div>\n\t\t<div class=\"elementor-element elementor-element-416a8c1 e-flex e-con-boxed wpr-particle-no wpr-jarallax-no wpr-parallax-no wpr-sticky-section-no e-con e-child\" data-id=\"416a8c1\" data-element_type=\"container\">\n\t\t\t\t\t<div class=\"e-con-inner\">\n\t\t\t\t<div class=\"elementor-element elementor-element-ebdb7d9 elementor-button-info elementor-align-center elementor-widget elementor-widget-button\" data-id=\"ebdb7d9\" data-element_type=\"widget\" data-widget_type=\"button.default\">\n\t\t\t\t<div class=\"elementor-widget-container\">\n\t\t\t\t\t\t\t\t\t<div class=\"elementor-button-wrapper\">\n\t\t\t\t\t<a class=\"elementor-button elementor-size-sm\" role=\"button\">\n\t\t\t\t\t\t<span class=\"elementor-button-content-wrapper\">\n\t\t\t\t\t\t<span class=\"elementor-button-icon\">\n\t\t\t\t<i aria-hidden=\"true\" class=\"fas fa-hand-holding-usd\"><\/i>\t\t\t<\/span>\n\t\t\t\t\t\t\t\t\t<span class=\"elementor-button-text\">Valores y \u00e9tica <\/span>\n\t\t\t\t\t<\/span>\n\t\t\t\t\t<\/a>\n\t\t\t\t<\/div>\n\t\t\t\t\t\t\t\t<\/div>\n\t\t\t\t<\/div>\n\t\t\t\t<div class=\"elementor-element elementor-element-9fa10fb elementor-widget elementor-widget-text-editor\" data-id=\"9fa10fb\" data-element_type=\"widget\" data-widget_type=\"text-editor.default\">\n\t\t\t\t<div class=\"elementor-widget-container\">\n\t\t\t\t\t\t\t\t\t<p>\ud83d\udc99 <strong data-start=\"548\" data-end=\"565\">Transparencia<\/strong><br data-start=\"565\" data-end=\"568\" \/>Compartimos informaci\u00f3n clara, real y sin promesas falsas.<\/p><p>\ud83d\udcc8 <strong data-start=\"635\" data-end=\"657\">Educaci\u00f3n pr\u00e1ctica<\/strong><br data-start=\"657\" data-end=\"660\" \/>Ense\u00f1amos lo que realmente funciona en la vida diaria.<\/p><p>\ud83e\udd1d<strong data-start=\"723\" data-end=\"756\">Compromiso con tu crecimiento<\/strong><br data-start=\"756\" data-end=\"759\" \/>Nos enfocamos en resultados reales, no solo teor\u00eda.<\/p><p>\ud83c\udf31 <strong data-start=\"819\" data-end=\"838\">Mejora continua<\/strong><br data-start=\"838\" data-end=\"841\" \/>Evolucionamos constantemente para darte el mejor contenido.<\/p><p>\ud83d\udd13 <strong data-start=\"909\" data-end=\"926\">Accesibilidad<\/strong><br data-start=\"926\" data-end=\"929\" \/>Creemos que todos merecen aprender a manejar su dinero.<\/p>\t\t\t\t\t\t\t\t<\/div>\n\t\t\t\t<\/div>\n\t\t\t\t\t<\/div>\n\t\t\t\t<\/div>\n\t\t\t\t\t<\/div>\n\t\t\t\t<\/div>\n\t\t\t\t\t<\/div>\n\t\t\t\t<\/div>\n\t\t\t\t<div class=\"elementor-element elementor-element-568462a e-transform e-transform e-transform bdt-background-overlay-yes elementor-widget elementor-widget-spacer\" data-id=\"568462a\" data-element_type=\"widget\" data-settings=\"{&quot;_transform_rotateZ_effect&quot;:{&quot;unit&quot;:&quot;px&quot;,&quot;size&quot;:35,&quot;sizes&quot;:[]},&quot;_transform_rotate_3d&quot;:&quot;yes&quot;,&quot;_transform_translateX_effect&quot;:{&quot;unit&quot;:&quot;px&quot;,&quot;size&quot;:182,&quot;sizes&quot;:[]},&quot;_transform_scale_effect&quot;:{&quot;unit&quot;:&quot;px&quot;,&quot;size&quot;:1.6,&quot;sizes&quot;:[]},&quot;_transform_rotateZ_effect_tablet&quot;:{&quot;unit&quot;:&quot;deg&quot;,&quot;size&quot;:&quot;&quot;,&quot;sizes&quot;:[]},&quot;_transform_rotateZ_effect_mobile&quot;:{&quot;unit&quot;:&quot;deg&quot;,&quot;size&quot;:&quot;&quot;,&quot;sizes&quot;:[]},&quot;_transform_rotateX_effect&quot;:{&quot;unit&quot;:&quot;px&quot;,&quot;size&quot;:&quot;&quot;,&quot;sizes&quot;:[]},&quot;_transform_rotateX_effect_tablet&quot;:{&quot;unit&quot;:&quot;deg&quot;,&quot;size&quot;:&quot;&quot;,&quot;sizes&quot;:[]},&quot;_transform_rotateX_effect_mobile&quot;:{&quot;unit&quot;:&quot;deg&quot;,&quot;size&quot;:&quot;&quot;,&quot;sizes&quot;:[]},&quot;_transform_rotateY_effect&quot;:{&quot;unit&quot;:&quot;px&quot;,&quot;size&quot;:&quot;&quot;,&quot;sizes&quot;:[]},&quot;_transform_rotateY_effect_tablet&quot;:{&quot;unit&quot;:&quot;deg&quot;,&quot;size&quot;:&quot;&quot;,&quot;sizes&quot;:[]},&quot;_transform_rotateY_effect_mobile&quot;:{&quot;unit&quot;:&quot;deg&quot;,&quot;size&quot;:&quot;&quot;,&quot;sizes&quot;:[]},&quot;_transform_perspective_effect&quot;:{&quot;unit&quot;:&quot;px&quot;,&quot;size&quot;:&quot;&quot;,&quot;sizes&quot;:[]},&quot;_transform_perspective_effect_tablet&quot;:{&quot;unit&quot;:&quot;px&quot;,&quot;size&quot;:&quot;&quot;,&quot;sizes&quot;:[]},&quot;_transform_perspective_effect_mobile&quot;:{&quot;unit&quot;:&quot;px&quot;,&quot;size&quot;:&quot;&quot;,&quot;sizes&quot;:[]},&quot;_transform_translateX_effect_tablet&quot;:{&quot;unit&quot;:&quot;px&quot;,&quot;size&quot;:&quot;&quot;,&quot;sizes&quot;:[]},&quot;_transform_translateX_effect_mobile&quot;:{&quot;unit&quot;:&quot;px&quot;,&quot;size&quot;:&quot;&quot;,&quot;sizes&quot;:[]},&quot;_transform_translateY_effect&quot;:{&quot;unit&quot;:&quot;px&quot;,&quot;size&quot;:&quot;&quot;,&quot;sizes&quot;:[]},&quot;_transform_translateY_effect_tablet&quot;:{&quot;unit&quot;:&quot;px&quot;,&quot;size&quot;:&quot;&quot;,&quot;sizes&quot;:[]},&quot;_transform_translateY_effect_mobile&quot;:{&quot;unit&quot;:&quot;px&quot;,&quot;size&quot;:&quot;&quot;,&quot;sizes&quot;:[]},&quot;_transform_scale_effect_tablet&quot;:{&quot;unit&quot;:&quot;px&quot;,&quot;size&quot;:&quot;&quot;,&quot;sizes&quot;:[]},&quot;_transform_scale_effect_mobile&quot;:{&quot;unit&quot;:&quot;px&quot;,&quot;size&quot;:&quot;&quot;,&quot;sizes&quot;:[]}}\" data-widget_type=\"spacer.default\">\n\t\t\t\t<div class=\"elementor-widget-container\">\n\t\t\t\t\t\t\t<div class=\"elementor-spacer\">\n\t\t\t<div class=\"elementor-spacer-inner\"><\/div>\n\t\t<\/div>\n\t\t\t\t\t\t<\/div>\n\t\t\t\t<\/div>\n\t\t\t\t\t<\/div>\n\t\t\t\t<\/div>\n\t\t\t\t<\/div>\n\t\t","protected":false},"excerpt":{"rendered":"<p>\u00bfQui\u00e9nes somos? Somos una empresa dedicada a brindar asesor\u00eda y formaci\u00f3n en educaci\u00f3n financiera, orientada a estudiantes y personas que desean mejorar su conocimiento sobre el manejo del dinero y la toma de decisiones econ\u00f3micas. Nuestro objetivo es ayudarte a comprender de manera clara y pr\u00e1ctica conceptos financieros que te permitan organizar tus recursos, planificar tus metas y desarrollar h\u00e1bitos financieros responsables. Cotiza ahora Nuestra Misi\u00f3n La educaci\u00f3n financiera busca empoderar a las personas para que tomen decisiones informadas sobre su dinero. A trav\u00e9s del conocimiento y la pr\u00e1ctica, se fomenta el ahorro responsable, la inversi\u00f3n inteligente y el uso consciente del cr\u00e9dito, permitiendo construir estabilidad econ\u00f3mica y un mejor futuro. Educaci\u00f3n accesible Planificaci\u00f3n financiera Decisiones informadas Nuestra Visi\u00f3n Ser la plataforma de educaci\u00f3n financiera l\u00edder en el pa\u00eds, ayudando a miles de personas a transformar su relaci\u00f3n con el dinero, alcanzar estabilidad econ\u00f3mica y construir un futuro con libertad financiera a trav\u00e9s del conocimiento pr\u00e1ctico y accesible. Valores y \u00e9tica \ud83d\udc99 TransparenciaCompartimos informaci\u00f3n clara, real y sin promesas falsas. \ud83d\udcc8 Educaci\u00f3n pr\u00e1cticaEnse\u00f1amos lo que realmente funciona en la vida diaria. \ud83e\udd1dCompromiso con tu crecimientoNos enfocamos en resultados reales, no solo teor\u00eda. \ud83c\udf31 Mejora continuaEvolucionamos constantemente para darte el mejor contenido. \ud83d\udd13 AccesibilidadCreemos que todos merecen aprender a manejar su dinero.<\/p>\n","protected":false},"author":1,"featured_media":0,"parent":565,"menu_order":0,"comment_status":"closed","ping_status":"closed","template":"","meta":{"footnotes":""},"class_list":["post-1038","page","type-page","status-publish","hentry"],"blocksy_meta":{"has_hero_section":"disabled","vertical_spacing_source":"custom","content_area_spacing":"none","styles_descriptor":{"styles":{"desktop":"","tablet":"","mobile":""},"google_fonts":[],"version":6}},"rttpg_featured_image_url":null,"rttpg_author":{"display_name":"tesisonline593@gmail.com","author_link":"https:\/\/oredooch.com\/?author=1"},"rttpg_comment":0,"rttpg_category":null,"rttpg_excerpt":"\u00bfQui\u00e9nes somos? Somos una empresa dedicada a brindar asesor\u00eda y formaci\u00f3n en educaci\u00f3n financiera, orientada a estudiantes y personas que desean mejorar su conocimiento sobre el manejo del dinero y la toma de decisiones econ\u00f3micas. Nuestro objetivo es ayudarte a comprender de manera clara y pr\u00e1ctica conceptos financieros que te permitan organizar tus recursos, planificar&hellip;","_links":{"self":[{"href":"https:\/\/oredooch.com\/index.php?rest_route=\/wp\/v2\/pages\/1038","targetHints":{"allow":["GET"]}}],"collection":[{"href":"https:\/\/oredooch.com\/index.php?rest_route=\/wp\/v2\/pages"}],"about":[{"href":"https:\/\/oredooch.com\/index.php?rest_route=\/wp\/v2\/types\/page"}],"author":[{"embeddable":true,"href":"https:\/\/oredooch.com\/index.php?rest_route=\/wp\/v2\/users\/1"}],"replies":[{"embeddable":true,"href":"https:\/\/oredooch.com\/index.php?rest_route=%2Fwp%2Fv2%2Fcomments&post=1038"}],"version-history":[{"count":68,"href":"https:\/\/oredooch.com\/index.php?rest_route=\/wp\/v2\/pages\/1038\/revisions"}],"predecessor-version":[{"id":2336,"href":"https:\/\/oredooch.com\/index.php?rest_route=\/wp\/v2\/pages\/1038\/revisions\/2336"}],"up":[{"embeddable":true,"href":"https:\/\/oredooch.com\/index.php?rest_route=\/wp\/v2\/pages\/565"}],"wp:attachment":[{"href":"https:\/\/oredooch.com\/index.php?rest_route=%2Fwp%2Fv2%2Fmedia&parent=1038"}],"curies":[{"name":"wp","href":"https:\/\/api.w.org\/{rel}","templated":true}]}}